{"id":17,"date":"2015-07-30T21:37:38","date_gmt":"2015-07-30T21:37:38","guid":{"rendered":"http:\/\/www.hangar.ch\/?page_id=17"},"modified":"2015-07-30T21:37:38","modified_gmt":"2015-07-30T21:37:38","slug":"hoover","status":"publish","type":"page","link":"http:\/\/www.hangar.ch\/?page_id=17","title":{"rendered":"Hoover"},"content":{"rendered":"<p>Einer der verdschiedenen Staubsauger-Konstrukteure war der Amerikaner James Murray Spangler, ein Hausmeister aus Canton, Ohio. Er bastelte 1906 aus einem Ventilator, einem Kasten und einem Kissen einen Staubsauger. Neben dem Sog verwendete sein Ger\u00e4t auch eine rotierende B\u00fcrste, um Schmutz zu l\u00f6sen.<\/p>\n<p>Spangler patentierte sein Ger\u00e4t 1908 und verkaufte die Idee bald an die Firma seines Cousins, die &#8222;Hoover Harness and Leather Goods Factory&#8220;. Noch heute ist Hoover einer der f\u00fchrenden Hersteller von Haushaltswaren inklusive Staubsaugern. In Gro\u00dfbritannien wurde der Name Hoover sogar zu einem Synonym f\u00fcr Staubsauger bzw. das Staubsaugen (doing the hoovering).<\/p>\n<p>Quelle: <a href=\"http:\/\/www.wikipedia.org\/\">wikipedia.org<\/a><\/p>\n","protected":false},"excerpt":{"rendered":"<p>Einer der verdschiedenen Staubsauger-Konstrukteure war der Amerikaner James Murray Spangler, ein Hausmeister aus Canton, Ohio. Er bastelte 1906 aus einem Ventilator, einem Kasten und einem Kissen einen Staubsauger. Neben dem Sog verwendete sein Ger\u00e4t auch eine rotierende B\u00fcrste, um Schmutz zu l\u00f6sen. Spangler patentierte sein Ger\u00e4t 1908 und verkaufte die Idee bald an die Firma &hellip; <a href=\"http:\/\/www.hangar.ch\/?page_id=17\" class=\"more-link\"><span class=\"screen-reader-text\">Hoover<\/span> weiterlesen <span class=\"meta-nav\">&rarr;<\/span><\/a><\/p>\n","protected":false},"author":1,"featured_media":0,"parent":0,"menu_order":0,"comment_status":"closed","ping_status":"closed","template":"","meta":{"footnotes":""},"class_list":["post-17","page","type-page","status-publish","hentry"],"_links":{"self":[{"href":"http:\/\/www.hangar.ch\/index.php?rest_route=\/wp\/v2\/pages\/17","targetHints":{"allow":["GET"]}}],"collection":[{"href":"http:\/\/www.hangar.ch\/index.php?rest_route=\/wp\/v2\/pages"}],"about":[{"href":"http:\/\/www.hangar.ch\/index.php?rest_route=\/wp\/v2\/types\/page"}],"author":[{"embeddable":true,"href":"http:\/\/www.hangar.ch\/index.php?rest_route=\/wp\/v2\/users\/1"}],"replies":[{"embeddable":true,"href":"http:\/\/www.hangar.ch\/index.php?rest_route=%2Fwp%2Fv2%2Fcomments&post=17"}],"version-history":[{"count":1,"href":"http:\/\/www.hangar.ch\/index.php?rest_route=\/wp\/v2\/pages\/17\/revisions"}],"predecessor-version":[{"id":18,"href":"http:\/\/www.hangar.ch\/index.php?rest_route=\/wp\/v2\/pages\/17\/revisions\/18"}],"wp:attachment":[{"href":"http:\/\/www.hangar.ch\/index.php?rest_route=%2Fwp%2Fv2%2Fmedia&parent=17"}],"curies":[{"name":"wp","href":"https:\/\/api.w.org\/{rel}","templated":true}]}}