{"id":9,"date":"2015-07-30T21:34:21","date_gmt":"2015-07-30T21:34:21","guid":{"rendered":"http:\/\/www.hangar.ch\/?page_id=9"},"modified":"2015-07-30T21:34:21","modified_gmt":"2015-07-30T21:34:21","slug":"aeg","status":"publish","type":"page","link":"http:\/\/www.hangar.ch\/?page_id=9","title":{"rendered":"AEG"},"content":{"rendered":"<p>Die 1887 gegr\u00fcndete Allgemeine Elektricit\u00e4ts-Gesellschaft (AEG) war eines der bedeutendsten deutschen Elektrounternehmen. Neben Produkten f\u00fcr die Elektrische Energietechnik und den Haushaltsbedarf (sogen. \u201eWei\u00dfe Ware&#8220; und Ger\u00e4te zur Elektrogeb\u00e4udeheizung) baute die AEG Stra\u00dfenbahnen, Elektro- und Dampflokomotiven sowie im Tochterunternehmen NAG auch Automobile. Vor und w\u00e4hrend des Ersten Weltkriegs war der AEG-Konzern nach Krupp zweitgr\u00f6\u00dfter R\u00fcstungsproduzent im Deutschen Kaiserreich und baute u.a. Flugzeuge f\u00fcr das Deutsche Heer. In den 1930er Jahren entwickelten AEG-Techniker das \u201eMagnetophon&#8220; f\u00fcr die Tonaufzeichnung auf Magnetband.<\/p>\n<p>Das Unternehmen wurde 1996 aufgel\u00f6st; die Marke AEG wird jedoch von Lizenznehmern (vorwiegend aus der Electrolux Gruppe) weiter verwendet.<\/p>\n<p>Quelle: <a href=\"http:\/\/www.wikipedia.org\/\">wikipedia.org<\/a><\/p>\n","protected":false},"excerpt":{"rendered":"<p>Die 1887 gegr\u00fcndete Allgemeine Elektricit\u00e4ts-Gesellschaft (AEG) war eines der bedeutendsten deutschen Elektrounternehmen. Neben Produkten f\u00fcr die Elektrische Energietechnik und den Haushaltsbedarf (sogen. \u201eWei\u00dfe Ware&#8220; und Ger\u00e4te zur Elektrogeb\u00e4udeheizung) baute die AEG Stra\u00dfenbahnen, Elektro- und Dampflokomotiven sowie im Tochterunternehmen NAG auch Automobile. Vor und w\u00e4hrend des Ersten Weltkriegs war der AEG-Konzern nach Krupp zweitgr\u00f6\u00dfter R\u00fcstungsproduzent im &hellip; <a href=\"http:\/\/www.hangar.ch\/?page_id=9\" class=\"more-link\"><span class=\"screen-reader-text\">AEG<\/span> weiterlesen <span class=\"meta-nav\">&rarr;<\/span><\/a><\/p>\n","protected":false},"author":1,"featured_media":0,"parent":0,"menu_order":0,"comment_status":"closed","ping_status":"closed","template":"","meta":{"footnotes":""},"class_list":["post-9","page","type-page","status-publish","hentry"],"_links":{"self":[{"href":"http:\/\/www.hangar.ch\/index.php?rest_route=\/wp\/v2\/pages\/9","targetHints":{"allow":["GET"]}}],"collection":[{"href":"http:\/\/www.hangar.ch\/index.php?rest_route=\/wp\/v2\/pages"}],"about":[{"href":"http:\/\/www.hangar.ch\/index.php?rest_route=\/wp\/v2\/types\/page"}],"author":[{"embeddable":true,"href":"http:\/\/www.hangar.ch\/index.php?rest_route=\/wp\/v2\/users\/1"}],"replies":[{"embeddable":true,"href":"http:\/\/www.hangar.ch\/index.php?rest_route=%2Fwp%2Fv2%2Fcomments&post=9"}],"version-history":[{"count":2,"href":"http:\/\/www.hangar.ch\/index.php?rest_route=\/wp\/v2\/pages\/9\/revisions"}],"predecessor-version":[{"id":901,"href":"http:\/\/www.hangar.ch\/index.php?rest_route=\/wp\/v2\/pages\/9\/revisions\/901"}],"wp:attachment":[{"href":"http:\/\/www.hangar.ch\/index.php?rest_route=%2Fwp%2Fv2%2Fmedia&parent=9"}],"curies":[{"name":"wp","href":"https:\/\/api.w.org\/{rel}","templated":true}]}}