{"id":21,"date":"2015-07-30T21:38:44","date_gmt":"2015-07-30T21:38:44","guid":{"rendered":"http:\/\/www.hangar.ch\/?page_id=21"},"modified":"2015-07-30T21:38:44","modified_gmt":"2015-07-30T21:38:44","slug":"miele","status":"publish","type":"page","link":"https:\/\/www.hangar.ch\/?page_id=21","title":{"rendered":"Miele"},"content":{"rendered":"<p>Die Firma Miele wurde am 1. Juli 1899 im westf\u00e4lischen Herzebrock von Carl Miele und Reinhard Zinkann gegr\u00fcndet.<\/p>\n<p>Zun\u00e4chst wurden Milchzentrifugen gefertigt, im Jahr 1900 kamen Buttermaschinen hinzu. Auf der technischen Grundlage der Buttermaschine entwickelte Miele noch im selben Jahr die erste Waschmaschine.<\/p>\n<p>Im Jahr 1927 nimmt Miele die Staubsaugerproduktion auf.<\/p>\n<p>1999, im Jahr des einhundertj\u00e4hrigen Firmenjubil\u00e4ums, ist Miele die meistverkaufte Marke im deutschen und europ\u00e4ischen Elektrofachhandel.<\/p>\n<p>Quelle: <a href=\"http:\/\/www.wikipedia.org\/\">wikipedia.org<\/a><\/p>\n","protected":false},"excerpt":{"rendered":"<p>Die Firma Miele wurde am 1. Juli 1899 im westf\u00e4lischen Herzebrock von Carl Miele und Reinhard Zinkann gegr\u00fcndet. Zun\u00e4chst wurden Milchzentrifugen gefertigt, im Jahr 1900 kamen Buttermaschinen hinzu. Auf der technischen Grundlage der Buttermaschine entwickelte Miele noch im selben Jahr die erste Waschmaschine. Im Jahr 1927 nimmt Miele die Staubsaugerproduktion auf. 1999, im Jahr des &hellip; <a href=\"https:\/\/www.hangar.ch\/?page_id=21\" class=\"more-link\"><span class=\"screen-reader-text\">Miele<\/span> weiterlesen <span class=\"meta-nav\">&rarr;<\/span><\/a><\/p>\n","protected":false},"author":1,"featured_media":0,"parent":0,"menu_order":0,"comment_status":"closed","ping_status":"closed","template":"","meta":{"footnotes":""},"class_list":["post-21","page","type-page","status-publish","hentry"],"_links":{"self":[{"href":"https:\/\/www.hangar.ch\/index.php?rest_route=\/wp\/v2\/pages\/21","targetHints":{"allow":["GET"]}}],"collection":[{"href":"https:\/\/www.hangar.ch\/index.php?rest_route=\/wp\/v2\/pages"}],"about":[{"href":"https:\/\/www.hangar.ch\/index.php?rest_route=\/wp\/v2\/types\/page"}],"author":[{"embeddable":true,"href":"https:\/\/www.hangar.ch\/index.php?rest_route=\/wp\/v2\/users\/1"}],"replies":[{"embeddable":true,"href":"https:\/\/www.hangar.ch\/index.php?rest_route=%2Fwp%2Fv2%2Fcomments&post=21"}],"version-history":[{"count":1,"href":"https:\/\/www.hangar.ch\/index.php?rest_route=\/wp\/v2\/pages\/21\/revisions"}],"predecessor-version":[{"id":22,"href":"https:\/\/www.hangar.ch\/index.php?rest_route=\/wp\/v2\/pages\/21\/revisions\/22"}],"wp:attachment":[{"href":"https:\/\/www.hangar.ch\/index.php?rest_route=%2Fwp%2Fv2%2Fmedia&parent=21"}],"curies":[{"name":"wp","href":"https:\/\/api.w.org\/{rel}","templated":true}]}}