{"id":27,"date":"2015-07-30T21:40:08","date_gmt":"2015-07-30T21:40:08","guid":{"rendered":"http:\/\/www.hangar.ch\/?page_id=27"},"modified":"2015-07-30T21:40:08","modified_gmt":"2015-07-30T21:40:08","slug":"rotel","status":"publish","type":"page","link":"https:\/\/www.hangar.ch\/?page_id=27","title":{"rendered":"Rotel"},"content":{"rendered":"<p>Die Rotel AG wurde im Jahre 1948 gegr\u00fcndet. Das erste Produkt \u2013 ein Ventilator \u2013 liess sich aber wegen des verregneten Sommers nur in bescheidenen St\u00fcckzahlen verkaufen. Im Herbst wurden daher Motor und Windfl\u00fcgel eiligst mit einer Heizung versehen, in ein Blechgeh\u00e4use gesteckt und im folgenden Winter erfolgreich als \u201eHeissl\u00fcfter Rotel Climaboy&#8220; verkauft. In den folgenden Jahren wurde das Kleinger\u00e4tesortiment systematisch mit Haartrocknern, K\u00fcchenmaschinen, Handmixern, Staubsaugern, Saftpressen, Grills und Espressomaschinen erweitert.<\/p>\n<p>Rotel ist heute mit j\u00e4hrlich ca. 400&#8217;000 verkauften Ger\u00e4ten ein erfolgreicher und f\u00fchrender Vollsortimenter im Elektroger\u00e4tebereich und deckt einen Grossteil der Konsumentenbed\u00fcrfnisse ab.<\/p>\n<p>Quelle: <a href=\"http:\/\/www.rotel.ch\/\">www.rotel.ch<\/a><\/p>\n","protected":false},"excerpt":{"rendered":"<p>Die Rotel AG wurde im Jahre 1948 gegr\u00fcndet. Das erste Produkt \u2013 ein Ventilator \u2013 liess sich aber wegen des verregneten Sommers nur in bescheidenen St\u00fcckzahlen verkaufen. Im Herbst wurden daher Motor und Windfl\u00fcgel eiligst mit einer Heizung versehen, in ein Blechgeh\u00e4use gesteckt und im folgenden Winter erfolgreich als \u201eHeissl\u00fcfter Rotel Climaboy&#8220; verkauft. In den &hellip; <a href=\"https:\/\/www.hangar.ch\/?page_id=27\" class=\"more-link\"><span class=\"screen-reader-text\">Rotel<\/span> weiterlesen <span class=\"meta-nav\">&rarr;<\/span><\/a><\/p>\n","protected":false},"author":1,"featured_media":0,"parent":0,"menu_order":0,"comment_status":"closed","ping_status":"closed","template":"","meta":{"footnotes":""},"class_list":["post-27","page","type-page","status-publish","hentry"],"_links":{"self":[{"href":"https:\/\/www.hangar.ch\/index.php?rest_route=\/wp\/v2\/pages\/27","targetHints":{"allow":["GET"]}}],"collection":[{"href":"https:\/\/www.hangar.ch\/index.php?rest_route=\/wp\/v2\/pages"}],"about":[{"href":"https:\/\/www.hangar.ch\/index.php?rest_route=\/wp\/v2\/types\/page"}],"author":[{"embeddable":true,"href":"https:\/\/www.hangar.ch\/index.php?rest_route=\/wp\/v2\/users\/1"}],"replies":[{"embeddable":true,"href":"https:\/\/www.hangar.ch\/index.php?rest_route=%2Fwp%2Fv2%2Fcomments&post=27"}],"version-history":[{"count":1,"href":"https:\/\/www.hangar.ch\/index.php?rest_route=\/wp\/v2\/pages\/27\/revisions"}],"predecessor-version":[{"id":28,"href":"https:\/\/www.hangar.ch\/index.php?rest_route=\/wp\/v2\/pages\/27\/revisions\/28"}],"wp:attachment":[{"href":"https:\/\/www.hangar.ch\/index.php?rest_route=%2Fwp%2Fv2%2Fmedia&parent=27"}],"curies":[{"name":"wp","href":"https:\/\/api.w.org\/{rel}","templated":true}]}}