{"id":910,"date":"2015-10-23T10:06:45","date_gmt":"2015-10-23T10:06:45","guid":{"rendered":"http:\/\/www.hangar.ch\/?page_id=910"},"modified":"2015-10-23T10:06:45","modified_gmt":"2015-10-23T10:06:45","slug":"siemens","status":"publish","type":"page","link":"https:\/\/www.hangar.ch\/?page_id=910","title":{"rendered":"Siemens"},"content":{"rendered":"<p>Als <i>Telegraphen Bau-Anstalt von Siemens &amp; Halske<\/i> 1847 inBerlin von Werner Siemens (ab 1888: von Siemens) und Johann Georg Halske gegr\u00fcndet, ist der heutige Siemens-Konzern in 190 L\u00e4ndern vertreten und z\u00e4hlt weltweit zu den gr\u00f6\u00dften Unternehmen der Elektrotechnik und Elektronik. Die Aktiengesellschaft mit Doppelsitz in Berlin und M\u00fcnchen unterh\u00e4lt 125 Standorte in Deutschland.<\/p>\n<p>Quelle: <a href=\"https:\/\/de.wikipedia.org\/wiki\/Siemens\">Wikipedia.org<\/a><\/p>\n","protected":false},"excerpt":{"rendered":"<p>Als Telegraphen Bau-Anstalt von Siemens &amp; Halske 1847 inBerlin von Werner Siemens (ab 1888: von Siemens) und Johann Georg Halske gegr\u00fcndet, ist der heutige Siemens-Konzern in 190 L\u00e4ndern vertreten und z\u00e4hlt weltweit zu den gr\u00f6\u00dften Unternehmen der Elektrotechnik und Elektronik. Die Aktiengesellschaft mit Doppelsitz in Berlin und M\u00fcnchen unterh\u00e4lt 125 Standorte in Deutschland. Quelle: Wikipedia.org<\/p>\n","protected":false},"author":1,"featured_media":0,"parent":0,"menu_order":0,"comment_status":"closed","ping_status":"closed","template":"","meta":{"footnotes":""},"class_list":["post-910","page","type-page","status-publish","hentry"],"_links":{"self":[{"href":"https:\/\/www.hangar.ch\/index.php?rest_route=\/wp\/v2\/pages\/910","targetHints":{"allow":["GET"]}}],"collection":[{"href":"https:\/\/www.hangar.ch\/index.php?rest_route=\/wp\/v2\/pages"}],"about":[{"href":"https:\/\/www.hangar.ch\/index.php?rest_route=\/wp\/v2\/types\/page"}],"author":[{"embeddable":true,"href":"https:\/\/www.hangar.ch\/index.php?rest_route=\/wp\/v2\/users\/1"}],"replies":[{"embeddable":true,"href":"https:\/\/www.hangar.ch\/index.php?rest_route=%2Fwp%2Fv2%2Fcomments&post=910"}],"version-history":[{"count":2,"href":"https:\/\/www.hangar.ch\/index.php?rest_route=\/wp\/v2\/pages\/910\/revisions"}],"predecessor-version":[{"id":912,"href":"https:\/\/www.hangar.ch\/index.php?rest_route=\/wp\/v2\/pages\/910\/revisions\/912"}],"wp:attachment":[{"href":"https:\/\/www.hangar.ch\/index.php?rest_route=%2Fwp%2Fv2%2Fmedia&parent=910"}],"curies":[{"name":"wp","href":"https:\/\/api.w.org\/{rel}","templated":true}]}}